{"id":28,"date":"2024-09-26T17:05:24","date_gmt":"2024-09-26T20:05:24","guid":{"rendered":"https:\/\/lp.wcompany.co\/?page_id=28"},"modified":"2024-09-26T17:07:35","modified_gmt":"2024-09-26T20:07:35","slug":"privacidade-e-cookies","status":"publish","type":"page","link":"https:\/\/wcompany.co\/lp\/privacidade-e-cookies\/","title":{"rendered":"Privacidade e Cookies &#8211; [LP][VB][26.09]"},"content":{"rendered":"<style>.elementor-28 .elementor-element.elementor-element-125838f{--display:flex;--flex-direction:column;--container-widget-width:100%;--container-widget-height:initial;--container-widget-flex-grow:0;--container-widget-align-self:initial;--flex-wrap-mobile:wrap;--padding-top:100px;--padding-bottom:100px;--padding-left:0px;--padding-right:0px;}.elementor-28 .elementor-element.elementor-element-e96b77d .elementor-heading-title{font-family:var( --e-global-typography-primary-font-family ), Sans-serif;font-size:var( --e-global-typography-primary-font-size );font-weight:var( --e-global-typography-primary-font-weight );line-height:var( --e-global-typography-primary-line-height );letter-spacing:var( --e-global-typography-primary-letter-spacing );color:#000000;}.elementor-28 .elementor-element.elementor-element-b168b09{font-family:var( --e-global-typography-text-font-family ), Sans-serif;font-size:var( --e-global-typography-text-font-size );font-weight:var( --e-global-typography-text-font-weight );text-transform:var( --e-global-typography-text-text-transform );line-height:var( --e-global-typography-text-line-height );color:#000000;}@media(max-width:1024px){.elementor-28 .elementor-element.elementor-element-e96b77d .elementor-heading-title{font-size:var( --e-global-typography-primary-font-size );line-height:var( --e-global-typography-primary-line-height );letter-spacing:var( --e-global-typography-primary-letter-spacing );}.elementor-28 .elementor-element.elementor-element-b168b09{font-size:var( --e-global-typography-text-font-size );line-height:var( --e-global-typography-text-line-height );}}@media(min-width:768px){.elementor-28 .elementor-element.elementor-element-125838f{--content-width:1280px;}}@media(max-width:767px){.elementor-28 .elementor-element.elementor-element-125838f{--padding-top:50px;--padding-bottom:50px;--padding-left:15px;--padding-right:15px;}.elementor-28 .elementor-element.elementor-element-e96b77d .elementor-heading-title{font-size:var( --e-global-typography-primary-font-size );line-height:var( --e-global-typography-primary-line-height );letter-spacing:var( --e-global-typography-primary-letter-spacing );}.elementor-28 .elementor-element.elementor-element-b168b09{font-size:var( --e-global-typography-text-font-size );line-height:var( --e-global-typography-text-line-height );}}<\/style>\t\t<div data-elementor-type=\"wp-page\" data-elementor-id=\"28\" class=\"elementor elementor-28\" data-elementor-settings=\"{&quot;ha_cmc_init_switcher&quot;:&quot;no&quot;}\" data-elementor-post-type=\"page\">\n\t\t\t\t<div class=\"elementor-element elementor-element-125838f e-flex e-con-boxed e-con e-parent\" data-id=\"125838f\" data-element_type=\"container\" data-settings=\"{&quot;_ha_eqh_enable&quot;:false}\">\n\t\t\t\t\t<div class=\"e-con-inner\">\n\t\t\t\t<div class=\"elementor-element elementor-element-e96b77d elementor-widget elementor-widget-heading\" data-id=\"e96b77d\" data-element_type=\"widget\" data-widget_type=\"heading.default\">\n\t\t\t\t<div class=\"elementor-widget-container\">\n\t\t\t\t\t<h2 class=\"elementor-heading-title elementor-size-default\">Privacidade e Cookies<\/h2>\t\t\t\t<\/div>\n\t\t\t\t<\/div>\n\t\t\t\t<div class=\"elementor-element elementor-element-b168b09 elementor-widget elementor-widget-text-editor\" data-id=\"b168b09\" data-element_type=\"widget\" data-widget_type=\"text-editor.default\">\n\t\t\t\t<div class=\"elementor-widget-container\">\n\t\t\t\t\t\t\t\t\t<p>A <b><u>W Company&nbsp;<\/u><\/b>se compromete com a transpar\u00eancia do tratamento de dados pessoais de seus usu\u00e1rios. Para tanto, a presente pol\u00edtica de privacidade estabelece como \u00e9 feita a coleta, uso e transfer\u00eancia de informa\u00e7\u00f5es dos usu\u00e1rios que acessam ou utilizam nosso site. Ao navegar em nosso site, sob as normas da Lei Geral de Prote\u00e7\u00e3o de Dados (13.709\/2018), voc\u00ea aceita essa pol\u00edtica e concorda com tal coleta, armazenamento e uso. Essa pol\u00edtica pode ser alterada a qualquer momento, com a divulga\u00e7\u00e3o de nossa pol\u00edtica atualizada e revisada em nosso site, entrando em vigor assim que disponibilizada.<\/p>\n<p>Entretanto, caso a vers\u00e3o atualizada contenha mudan\u00e7as substanciais, voc\u00ea ser\u00e1 avisado com 30 dias de anteced\u00eancia atrav\u00e9s de aviso divulgado em nosso pr\u00f3prio site. Ap\u00f3s tal aviso, ser\u00e1 considerado que voc\u00ea concorda com todas as emendas feitas a essa pol\u00edtica.<\/p>\n<p><strong>Como usamos Cookies:<\/strong><\/p>\n<p>Quando voc\u00ea acessa o nosso site, n\u00f3s, incluindo as empresas que contratamos para acompanhar como nosso site \u00e9 usado, podemos colocar pequenos arquivos de dados chamados \u201ccookies\u201d no seu computador. Usamos cookies de maior dura\u00e7\u00e3o para finalidades como, por exemplo, exibir o seu endere\u00e7o de e-mail em um formul\u00e1rio de cadastro ou acesso, para que voc\u00ea n\u00e3o precise digitar novamente o endere\u00e7o de e-mail sempre que quiser fazer um cadastro, analisar o uso do site e fornecer uma intera\u00e7\u00e3o personalizada com outras propriedades online. Essas tecnologias podem coletar informa\u00e7\u00f5es pessoais, como endere\u00e7os IP e informa\u00e7\u00f5es de navega\u00e7\u00e3o. Ao usar este site, voc\u00ea concorda com a coleta e uso dessas informa\u00e7\u00f5es, conforme descrito nesta pol\u00edtica. Codificamos nossos cookies para que apenas n\u00f3s possamos interpretar as informa\u00e7\u00f5es armazenadas neles. Ao utilizar o chatbot em nosso site e fornecer suas informa\u00e7\u00f5es pessoais, como seu nome e prefer\u00eancias de servi\u00e7o, voc\u00ea est\u00e1 consentindo expressamente com a coleta, processamento e armazenamento dessas informa\u00e7\u00f5es. Utilizamos essas informa\u00e7\u00f5es para melhor atender suas solicita\u00e7\u00f5es, personalizar sua experi\u00eancia e melhorar nossos servi\u00e7os. Ao fornecer essas informa\u00e7\u00f5es, voc\u00ea entende e concorda que podemos usar esses dados para os fins mencionados. Seus dados ser\u00e3o armazenados em conformidade com nossas pol\u00edticas de seguran\u00e7a de dados e a Lei Geral de Prote\u00e7\u00e3o de Dados (LGPD). Voc\u00ea tem o direito de acessar, corrigir ou solicitar a exclus\u00e3o de suas informa\u00e7\u00f5es pessoais a qualquer momento, entrando em contato conosco conforme descrito nesta pol\u00edtica de privacidade. Voc\u00ea est\u00e1 livre para recusar nossos cookies caso o seu navegador permita, mas isso pode interferir no uso do nosso site. N\u00f3s e nossos prestadores de servi\u00e7o tamb\u00e9m usam cookies para personalizar nossos servi\u00e7os, conte\u00fado e publicidade, avaliar a efici\u00eancia das promo\u00e7\u00f5es e promover confian\u00e7a e seguran\u00e7a.<\/p>\n<p><strong>Remarketing do Google:<\/strong><\/p>\n<p>N\u00f3s utilizamos o recurso de Remarketing do Google Ads para veicular an\u00fancios em sites de parceiros do Google. Este recurso permite identificar que voc\u00ea visitou o nosso site e assim o Google pode exibir o nosso an\u00fancio para voc\u00ea em diferentes websites. Diversos fornecedores de terceiros, inclusive o Google, compram espa\u00e7os de publicidade em sites da Internet. N\u00f3s, eventualmente, contratamos o Google para exibir nossos an\u00fancios nesses espa\u00e7os. Para identificar a sua visita no nosso site, tanto outros fornecedores de terceiros, quanto o Google, utilizam-se de cookies, de forma similar ao exposto na se\u00e7\u00e3o \u201cComo usamos cookies?\u201d. Voc\u00ea pode desativar o uso de cookies pelo Google acessando o Gerenciador de prefer\u00eancias de an\u00fancio.<\/p>\n<p><strong>Remarketing do Facebook:<\/strong><\/p>\n<p>N\u00f3s utilizamos o recurso de Remarketing do Facebook para veicular an\u00fancios dentro do Facebook. Este recurso permite identificar que voc\u00ea visitou o nosso site e assim o Facebook pode exibir os nossos an\u00fancios para voc\u00ea dentro do pr\u00f3prio Facebook. Para identificar a sua visita no nosso site utilizamos os cookies, de forma similar ao exposto na se\u00e7\u00e3o \u201cComo usamos cookies?\u201d. Caso voc\u00ea venha a visualizar um dos nossos an\u00fancios no Facebook e n\u00e3o queira mais visualiz\u00e1-lo, no pr\u00f3prio an\u00fancio existem op\u00e7\u00f5es para ocultar e n\u00e3o visualizar futuramente os nossos an\u00fancios.<\/p>\n<p><strong>Como protegemos e armazenamos informa\u00e7\u00f5es pessoais:<\/strong><\/p>\n<p>Ao longo desta pol\u00edtica, usamos o termo \u201cinforma\u00e7\u00f5es pessoais\u201d para descrever informa\u00e7\u00f5es que possam ser associadas a uma determinada pessoa e possam ser usadas para identificar essa pessoa. N\u00f3s n\u00e3o consideraremos como informa\u00e7\u00f5es pessoais as informa\u00e7\u00f5es que devem permanecer an\u00f4nimas, para que elas n\u00e3o identifiquem um determinado usu\u00e1rio. Armazenamos e processamos suas informa\u00e7\u00f5es pessoais em nossos computadores e as protegemos sob medidas de prote\u00e7\u00e3o f\u00edsicas, eletr\u00f4nicas e processuais. Usamos prote\u00e7\u00f5es de computador, como firewalls e criptografia de dados, aplicamos controles de acesso f\u00edsico a nossos pr\u00e9dios e arquivos e autorizamos o acesso a informa\u00e7\u00f5es pessoais apenas para os funcion\u00e1rios que precisem delas para cumprir suas responsabilidades profissionais, que o fazem de forma \u00e9tica.<\/p>\n<p><strong>Como usamos as informa\u00e7\u00f5es pessoais que coletamos:<\/strong><\/p>\n<p>Nossa finalidade principal ao coletar informa\u00e7\u00f5es pessoais \u00e9 fornecer a voc\u00ea uma experi\u00eancia segura, tranquila, eficiente e personalizada. Para isso, usamos suas informa\u00e7\u00f5es pessoais para:<\/p>\n<p>Fornecer os servi\u00e7os e o suporte ao cliente solicitados;<\/p>\n<p>Processar transa\u00e7\u00f5es e enviar avisos sobre as suas transa\u00e7\u00f5es;<\/p>\n<p>Solucionar disputas, cobrar taxas e solucionar problemas;<\/p>\n<p>Impedir atividades potencialmente proibidas ou ilegais;<\/p>\n<p>Personalizar, avaliar e melhorar nossos servi\u00e7os, al\u00e9m do conte\u00fado e do layout do nosso site;<\/p>\n<p>Enviar materiais de marketing direcionados, avisos de atualiza\u00e7\u00e3o no servi\u00e7o e ofertas promocionais com base nas suas prefer\u00eancias de comunica\u00e7\u00e3o;<\/p>\n<p>Comparar informa\u00e7\u00f5es, para uma maior precis\u00e3o e verific\u00e1-las com terceiros.<\/p>\n<p>Marketing<\/p>\n<p>N\u00e3o vendemos nem alugamos suas informa\u00e7\u00f5es pessoais para terceiros para fins de marketing sem seu consentimento expl\u00edcito. Podemos combinar suas informa\u00e7\u00f5es com as informa\u00e7\u00f5es que coletamos de outras empresas e us\u00e1-las para melhorar e personalizar nossos servi\u00e7os, conte\u00fado e publicidade.<\/p>\n<p><strong>Como compartilhamos informa\u00e7\u00f5es pessoais com outras partes:<\/strong><\/p>\n<p>Podemos compartilhar suas informa\u00e7\u00f5es pessoais com:<\/p>\n<p>Membros da equipe administrativa das empresas pertencem ao mesmo grupo econ\u00f4mico da <b><u>W Company&nbsp;<\/u><\/b>para fornecer conte\u00fado, produtos e servi\u00e7os conjuntos (como registro, transa\u00e7\u00f5es e suporte ao cliente) e para ajudar a detectar e impedir atos potencialmente ilegais e viola\u00e7\u00f5es de nossas pol\u00edticas, al\u00e9m de cooperar nas decis\u00f5es quanto a seus produtos, servi\u00e7os e comunica\u00e7\u00f5es. Os membros da nossa equipe usar\u00e3o essas informa\u00e7\u00f5es para lhe enviar comunica\u00e7\u00f5es de marketing apenas se voc\u00ea tiver solicitado seus servi\u00e7os.<\/p>\n<p>Fornecedores dos servi\u00e7os sob contrato que colaboram em partes de nossas opera\u00e7\u00f5es comerciais (preven\u00e7\u00e3o contra fraude e pirataria, atividades de cobran\u00e7a, marketing, servi\u00e7os de tecnologia). Nossos contratos determinam que esses fornecedores de servi\u00e7o s\u00f3 usem suas informa\u00e7\u00f5es em rela\u00e7\u00e3o aos servi\u00e7os que realizam para n\u00f3s, e n\u00e3o em benef\u00edcio pr\u00f3prio.<\/p>\n<p>Empresas com as quais pretendemos nos fundir ou adquirir. (Se ocorrer uma fus\u00e3o, exigiremos que a nova entidade constitu\u00edda siga essa pol\u00edtica de privacidade com rela\u00e7\u00e3o \u00e0s suas informa\u00e7\u00f5es pessoais. Se suas informa\u00e7\u00f5es pessoais puderem ser usadas contra essa pol\u00edtica, voc\u00ea receber\u00e1 um aviso pr\u00e9vio).<\/p>\n<p>Autoridades policiais, oficiais do governo ou outros terceiros quando: formos obrigados a isso por intima\u00e7\u00e3o, decis\u00e3o judicial ou procedimento legal semelhante; precisarmos fazer isso para estar em conformidade com a lei ou com as regras de associa\u00e7\u00e3o de cart\u00e3o de cr\u00e9dito; estivermos cooperando com uma investiga\u00e7\u00e3o policial em andamento; acreditamos, de boa-f\u00e9, que a divulga\u00e7\u00e3o das informa\u00e7\u00f5es pessoais \u00e9 necess\u00e1ria para impedir danos f\u00edsicos ou perdas financeiras ou reportar atividade ilegal suspeita.<\/p>\n<p>Para entrar em contato com o site, basta escrever para <strong><span style=\"text-decoration: underline;\">feliperabello@wcompany.co<\/span><\/strong><\/p>\n<div><span style=\"background-color: var(--wp--preset--color--base); font-family: var( --e-global-typography-b2ce6af-font-family ), Sans-serif; font-size: var( --e-global-typography-b2ce6af-font-size ); font-style: var( --e-global-typography-b2ce6af-font-style ); font-weight: var( --e-global-typography-b2ce6af-font-weight ); letter-spacing: var( --e-global-typography-b2ce6af-letter-spacing ); text-transform: var( --e-global-typography-b2ce6af-text-transform ); word-spacing: var( --e-global-typography-b2ce6af-word-spacing );\">&nbsp;<\/span><\/div>\n<div><span style=\"font-family: var( --e-global-typography-text-font-family ), Sans-serif; font-weight: var( --e-global-typography-text-font-weight ); font-size: 1rem;\">&nbsp;<\/span><\/div>\n<p>Esta Pol\u00edtica de Cookies foi atualizada pela \u00faltima vez: 05\/06\/2023.<\/p>\t\t\t\t\t\t\t\t<\/div>\n\t\t\t\t<\/div>\n\t\t\t\t\t<\/div>\n\t\t\t\t<\/div>\n\t\t\t\t<\/div>\n\t\t","protected":false},"excerpt":{"rendered":"<p>Privacidade e Cookies A W Company&nbsp;se compromete com a transpar\u00eancia do tratamento de dados pessoais de seus usu\u00e1rios. Para tanto, a presente pol\u00edtica de privacidade estabelece como \u00e9 feita a coleta, uso e transfer\u00eancia de informa\u00e7\u00f5es dos usu\u00e1rios que acessam ou utilizam nosso site. Ao navegar em nosso site, sob as normas da Lei Geral [&hellip;]<\/p>\n","protected":false},"author":2,"featured_media":0,"parent":0,"menu_order":0,"comment_status":"closed","ping_status":"closed","template":"elementor_header_footer","meta":{"footnotes":""},"class_list":["post-28","page","type-page","status-publish","hentry"],"yoast_head":"<!-- This site is optimized with the Yoast SEO plugin v27.3 - https:\/\/yoast.com\/product\/yoast-seo-wordpress\/ -->\n<title>Privacidade e cookies | W Company<\/title>\n<meta name=\"robots\" content=\"index, follow, max-snippet:-1, max-image-preview:large, max-video-preview:-1\" \/>\n<link rel=\"canonical\" href=\"https:\/\/wcompany.co\/lp\/privacidade-e-cookies\/\" \/>\n<meta property=\"og:locale\" content=\"pt_BR\" \/>\n<meta property=\"og:type\" content=\"article\" \/>\n<meta property=\"og:title\" content=\"Privacidade e cookies | W Company\" \/>\n<meta property=\"og:description\" content=\"Privacidade e Cookies A W Company&nbsp;se compromete com a transpar\u00eancia do tratamento de dados pessoais de seus usu\u00e1rios. Para tanto, a presente pol\u00edtica de privacidade estabelece como \u00e9 feita a coleta, uso e transfer\u00eancia de informa\u00e7\u00f5es dos usu\u00e1rios que acessam ou utilizam nosso site. Ao navegar em nosso site, sob as normas da Lei Geral [&hellip;]\" \/>\n<meta property=\"og:url\" content=\"https:\/\/wcompany.co\/lp\/privacidade-e-cookies\/\" \/>\n<meta property=\"og:site_name\" content=\"W Co\" \/>\n<meta property=\"article:modified_time\" content=\"2024-09-26T20:07:35+00:00\" \/>\n<meta name=\"twitter:card\" content=\"summary_large_image\" \/>\n<meta name=\"twitter:label1\" content=\"Est. tempo de leitura\" \/>\n\t<meta name=\"twitter:data1\" content=\"7 minutos\" \/>\n<script type=\"application\/ld+json\" class=\"yoast-schema-graph\">{\"@context\":\"https:\\\/\\\/schema.org\",\"@graph\":[{\"@type\":\"WebPage\",\"@id\":\"https:\\\/\\\/wcompany.co\\\/lp\\\/privacidade-e-cookies\\\/\",\"url\":\"https:\\\/\\\/wcompany.co\\\/lp\\\/privacidade-e-cookies\\\/\",\"name\":\"Privacidade e cookies | W Company\",\"isPartOf\":{\"@id\":\"https:\\\/\\\/wcompany.co\\\/lp\\\/#website\"},\"datePublished\":\"2024-09-26T20:05:24+00:00\",\"dateModified\":\"2024-09-26T20:07:35+00:00\",\"breadcrumb\":{\"@id\":\"https:\\\/\\\/wcompany.co\\\/lp\\\/privacidade-e-cookies\\\/#breadcrumb\"},\"inLanguage\":\"pt-BR\",\"potentialAction\":[{\"@type\":\"ReadAction\",\"target\":[\"https:\\\/\\\/wcompany.co\\\/lp\\\/privacidade-e-cookies\\\/\"]}]},{\"@type\":\"BreadcrumbList\",\"@id\":\"https:\\\/\\\/wcompany.co\\\/lp\\\/privacidade-e-cookies\\\/#breadcrumb\",\"itemListElement\":[{\"@type\":\"ListItem\",\"position\":1,\"name\":\"In\u00edcio\",\"item\":\"https:\\\/\\\/wcompany.co\\\/lp\\\/\"},{\"@type\":\"ListItem\",\"position\":2,\"name\":\"Privacidade e Cookies &#8211; [LP][VB][26.09]\"}]},{\"@type\":\"WebSite\",\"@id\":\"https:\\\/\\\/wcompany.co\\\/lp\\\/#website\",\"url\":\"https:\\\/\\\/wcompany.co\\\/lp\\\/\",\"name\":\"W Co\",\"description\":\"\",\"potentialAction\":[{\"@type\":\"SearchAction\",\"target\":{\"@type\":\"EntryPoint\",\"urlTemplate\":\"https:\\\/\\\/wcompany.co\\\/lp\\\/?s={search_term_string}\"},\"query-input\":{\"@type\":\"PropertyValueSpecification\",\"valueRequired\":true,\"valueName\":\"search_term_string\"}}],\"inLanguage\":\"pt-BR\"}]}<\/script>\n<!-- \/ Yoast SEO plugin. -->","yoast_head_json":{"title":"Privacidade e cookies | W Company","robots":{"index":"index","follow":"follow","max-snippet":"max-snippet:-1","max-image-preview":"max-image-preview:large","max-video-preview":"max-video-preview:-1"},"canonical":"https:\/\/wcompany.co\/lp\/privacidade-e-cookies\/","og_locale":"pt_BR","og_type":"article","og_title":"Privacidade e cookies | W Company","og_description":"Privacidade e Cookies A W Company&nbsp;se compromete com a transpar\u00eancia do tratamento de dados pessoais de seus usu\u00e1rios. Para tanto, a presente pol\u00edtica de privacidade estabelece como \u00e9 feita a coleta, uso e transfer\u00eancia de informa\u00e7\u00f5es dos usu\u00e1rios que acessam ou utilizam nosso site. Ao navegar em nosso site, sob as normas da Lei Geral [&hellip;]","og_url":"https:\/\/wcompany.co\/lp\/privacidade-e-cookies\/","og_site_name":"W Co","article_modified_time":"2024-09-26T20:07:35+00:00","twitter_card":"summary_large_image","twitter_misc":{"Est. tempo de leitura":"7 minutos"},"schema":{"@context":"https:\/\/schema.org","@graph":[{"@type":"WebPage","@id":"https:\/\/wcompany.co\/lp\/privacidade-e-cookies\/","url":"https:\/\/wcompany.co\/lp\/privacidade-e-cookies\/","name":"Privacidade e cookies | W Company","isPartOf":{"@id":"https:\/\/wcompany.co\/lp\/#website"},"datePublished":"2024-09-26T20:05:24+00:00","dateModified":"2024-09-26T20:07:35+00:00","breadcrumb":{"@id":"https:\/\/wcompany.co\/lp\/privacidade-e-cookies\/#breadcrumb"},"inLanguage":"pt-BR","potentialAction":[{"@type":"ReadAction","target":["https:\/\/wcompany.co\/lp\/privacidade-e-cookies\/"]}]},{"@type":"BreadcrumbList","@id":"https:\/\/wcompany.co\/lp\/privacidade-e-cookies\/#breadcrumb","itemListElement":[{"@type":"ListItem","position":1,"name":"In\u00edcio","item":"https:\/\/wcompany.co\/lp\/"},{"@type":"ListItem","position":2,"name":"Privacidade e Cookies &#8211; [LP][VB][26.09]"}]},{"@type":"WebSite","@id":"https:\/\/wcompany.co\/lp\/#website","url":"https:\/\/wcompany.co\/lp\/","name":"W Co","description":"","potentialAction":[{"@type":"SearchAction","target":{"@type":"EntryPoint","urlTemplate":"https:\/\/wcompany.co\/lp\/?s={search_term_string}"},"query-input":{"@type":"PropertyValueSpecification","valueRequired":true,"valueName":"search_term_string"}}],"inLanguage":"pt-BR"}]}},"_links":{"self":[{"href":"https:\/\/wcompany.co\/lp\/wp-json\/wp\/v2\/pages\/28","targetHints":{"allow":["GET"]}}],"collection":[{"href":"https:\/\/wcompany.co\/lp\/wp-json\/wp\/v2\/pages"}],"about":[{"href":"https:\/\/wcompany.co\/lp\/wp-json\/wp\/v2\/types\/page"}],"author":[{"embeddable":true,"href":"https:\/\/wcompany.co\/lp\/wp-json\/wp\/v2\/users\/2"}],"replies":[{"embeddable":true,"href":"https:\/\/wcompany.co\/lp\/wp-json\/wp\/v2\/comments?post=28"}],"version-history":[{"count":0,"href":"https:\/\/wcompany.co\/lp\/wp-json\/wp\/v2\/pages\/28\/revisions"}],"wp:attachment":[{"href":"https:\/\/wcompany.co\/lp\/wp-json\/wp\/v2\/media?parent=28"}],"curies":[{"name":"wp","href":"https:\/\/api.w.org\/{rel}","templated":true}]}}