{"id":22,"date":"2024-09-26T17:03:36","date_gmt":"2024-09-26T20:03:36","guid":{"rendered":"https:\/\/lp.wcompany.co\/?page_id=22"},"modified":"2024-09-26T17:04:31","modified_gmt":"2024-09-26T20:04:31","slug":"trabalhe-conosco","status":"publish","type":"page","link":"https:\/\/wcompany.co\/lp\/trabalhe-conosco\/","title":{"rendered":"Trabalhe Conosco &#8211; [LP][VB][26.09]"},"content":{"rendered":"<style>.elementor-22 .elementor-element.elementor-element-1ec94ca{--display:flex;--flex-direction:column;--container-widget-width:100%;--container-widget-height:initial;--container-widget-flex-grow:0;--container-widget-align-self:initial;--flex-wrap-mobile:wrap;--padding-top:100px;--padding-bottom:100px;--padding-left:0px;--padding-right:0px;}.elementor-22 .elementor-element.elementor-element-c444534{text-align:center;}.elementor-22 .elementor-element.elementor-element-c444534 .elementor-heading-title{font-family:\"Poppins\", Sans-serif;font-size:45px;font-weight:600;color:#000000;}.elementor-22 .elementor-element.elementor-element-c3bc2a3{text-align:center;font-family:\"Poppins\", Sans-serif;font-size:15px;font-weight:400;color:#000000;}@media(min-width:768px){.elementor-22 .elementor-element.elementor-element-1ec94ca{--content-width:1280px;}}<\/style>\t\t<div data-elementor-type=\"wp-page\" data-elementor-id=\"22\" class=\"elementor elementor-22\" data-elementor-settings=\"{&quot;ha_cmc_init_switcher&quot;:&quot;no&quot;}\" data-elementor-post-type=\"page\">\n\t\t\t\t<div class=\"elementor-element elementor-element-1ec94ca e-flex e-con-boxed e-con e-parent\" data-id=\"1ec94ca\" data-element_type=\"container\" data-settings=\"{&quot;_ha_eqh_enable&quot;:false}\">\n\t\t\t\t\t<div class=\"e-con-inner\">\n\t\t\t\t<div class=\"elementor-element elementor-element-c444534 elementor-widget elementor-widget-heading\" data-id=\"c444534\" data-element_type=\"widget\" data-widget_type=\"heading.default\">\n\t\t\t\t<div class=\"elementor-widget-container\">\n\t\t\t\t\t<h2 class=\"elementor-heading-title elementor-size-default\">Trabalhe Conosco<\/h2>\t\t\t\t<\/div>\n\t\t\t\t<\/div>\n\t\t\t\t<div class=\"elementor-element elementor-element-c3bc2a3 elementor-widget elementor-widget-text-editor\" data-id=\"c3bc2a3\" data-element_type=\"widget\" data-widget_type=\"text-editor.default\">\n\t\t\t\t<div class=\"elementor-widget-container\">\n\t\t\t\t\t\t\t\t\tQuer fazer parte do nosso time? Entre em contato conosco para que possamos conhec\u00ea-lo e conversar sobre as vagas dispon\u00edveis.\t\t\t\t\t\t\t\t<\/div>\n\t\t\t\t<\/div>\n\t\t\t\t<div class=\"elementor-element elementor-element-718cd0e elementor-widget elementor-widget-shortcode\" data-id=\"718cd0e\" data-element_type=\"widget\" data-widget_type=\"shortcode.default\">\n\t\t\t\t<div class=\"elementor-widget-container\">\n\t\t\t\t\t\t\t<div class=\"elementor-shortcode\"><div class=\"forminator-ui forminator-custom-form forminator-custom-form-15 forminator-design--flat  forminator_ajax\" data-forminator-render=\"0\" data-form=\"forminator-module-15\" data-uid=\"69e72d2185a9f\"><br\/><\/div><form\n\t\t\t\tid=\"forminator-module-15\"\n\t\t\t\tclass=\"forminator-ui forminator-custom-form forminator-custom-form-15 forminator-design--flat  forminator_ajax\"\n\t\t\t\tmethod=\"post\"\n\t\t\t\tdata-forminator-render=\"0\"\n\t\t\t\tdata-form-id=\"15\"\n\t\t\t\t\n\t\t\t\tdata-design=\"flat\"\n\t\t\t\tdata-color-option=\"default\"\n\t\t\t\t\n\t\t\t\t\n\t\t\t\t\n\t\t\t\tdata-grid=\"open\"\n\t\t\t\tenctype=\"multipart\/form-data\"\n\t\t\t\t\n\t\t\t\tstyle=\"display: none;\"\n\t\t\t\t\n\t\t\t\tdata-uid=\"69e72d2185a9f\"\n\t\t\t><div role=\"alert\" aria-live=\"polite\" class=\"forminator-response-message forminator-error\" aria-hidden=\"true\"><\/div><div class=\"forminator-row\"><div id=\"textarea-1\" class=\"forminator-field-textarea forminator-col forminator-col-12 \"><div class=\"forminator-field\"><label for=\"forminator-field-textarea-1_69e72d2185a9f\" id=\"forminator-field-textarea-1_69e72d2185a9f-label\" class=\"forminator-label\">\u00c1rea ou vaga de interesse <span class=\"forminator-required\">*<\/span><\/label><textarea name=\"textarea-1\" placeholder=\"Exemplos: Or\u00e7amentos, Projetos, Mestre de obras, Analista de qualidade\" id=\"forminator-field-textarea-1_69e72d2185a9f\" class=\"forminator-textarea\" rows=\"6\" style=\"min-height:70px;\" maxlength=\"140\" aria-describedby=\"forminator-field-textarea-1_69e72d2185a9f-description\" ><\/textarea><span id=\"forminator-field-textarea-1_69e72d2185a9f-description\" class=\"forminator-description\">Descreva brevemente a sua \u00e1rea\/vaga de interesse<span data-limit=\"140\" data-type=\"characters\" data-editor=\"\">0 \/ 140<\/span><\/span><\/div><\/div><\/div><div class=\"forminator-row\"><div id=\"name-1\" class=\"forminator-field-name forminator-col forminator-col-12 \"><div class=\"forminator-field\"><label for=\"forminator-field-name-1_69e72d2185a9f\" id=\"forminator-field-name-1_69e72d2185a9f-label\" class=\"forminator-label\">Seu Nome <span class=\"forminator-required\">*<\/span><\/label><input type=\"text\" name=\"name-1\" value=\"\" placeholder=\"Ex: Jo\u00e3o Silva\" id=\"forminator-field-name-1_69e72d2185a9f\" class=\"forminator-input forminator-name--field\" aria-required=\"true\" \/><\/div><\/div><\/div><div class=\"forminator-row\"><div id=\"email-1\" class=\"forminator-field-email forminator-col forminator-col-12 \"><div class=\"forminator-field\"><label for=\"forminator-field-email-1_69e72d2185a9f\" id=\"forminator-field-email-1_69e72d2185a9f-label\" class=\"forminator-label\">Seu Email <span class=\"forminator-required\">*<\/span><\/label><input type=\"email\" name=\"email-1\" value=\"\" placeholder=\"Ex: seu.email@gmail.com\" id=\"forminator-field-email-1_69e72d2185a9f\" class=\"forminator-input forminator-email--field\" data-required=\"1\" aria-required=\"true\" \/><\/div><\/div><\/div><div class=\"forminator-row\"><div id=\"phone-1\" class=\"forminator-field-phone forminator-col forminator-col-12 \"><div class=\"forminator-field\"><label for=\"forminator-field-phone-1_69e72d2185a9f\" id=\"forminator-field-phone-1_69e72d2185a9f-label\" class=\"forminator-label\">Seu Telefone <span class=\"forminator-required\">*<\/span><\/label><input type=\"text\" name=\"phone-1\" value=\"\" placeholder=\"Ex: (11) 98383-0000\" id=\"forminator-field-phone-1_69e72d2185a9f\" class=\"forminator-input forminator-field--phone\" data-required=\"1\" aria-required=\"true\" autocomplete=\"off\" \/><\/div><\/div><\/div><div class=\"forminator-row\"><div id=\"upload-1\" class=\"forminator-field-upload forminator-col forminator-col-12 \"><div class=\"forminator-field\"><label for=\"forminator-field-upload-1_69e72d2185a9f\" id=\"forminator-field-upload-1_69e72d2185a9f-label\" class=\"forminator-label\">Voc\u00ea tamb\u00e9m pode anexar seu curr\u00edculo para te conhecermos melhor!<\/label><div class=\"forminator-file-upload \" data-element=\"upload-1_69e72d2185a9f\"><input type=\"file\" name=\"upload-1\" id=\"forminator-field-upload-1_69e72d2185a9f\" class=\"forminator-input-file\" accept=\".jpg,.jpeg,.jpe,.gif,.png,.bmp,.tiff,.tif,.webp,.ico,.heic,.asf,.asx,.wmv,.wmx,.wm,.avi,.divx,.flv,.mov,.qt,.mpeg,.mpg,.mpe,.mp4,.m4v,.ogv,.webm,.mkv,.3gp,.3gpp,.3g2,.3gp2,.txt,.asc,.c,.cc,.h,.srt,.csv,.tsv,.ics,.rtx,.vtt,.mp3,.m4a,.m4b,.aac,.ra,.ram,.wav,.ogg,.oga,.flac,.mid,.midi,.wma,.wax,.mka,.rtf,.pdf,.class,.tar,.zip,.gz,.gzip,.7z,.psd,.xcf,.doc,.pot,.pps,.ppt,.wri,.xla,.xls,.xlt,.xlw,.mdb,.mpp,.docx,.docm,.dotx,.dotm,.xlsx,.xlsm,.xlsb,.xltx,.xltm,.xlam,.pptx,.pptm,.ppsx,.ppsm,.potx,.potm,.ppam,.sldx,.sldm,.onetoc,.onetoc2,.onetmp,.onepkg,.oxps,.xps,.odt,.odp,.ods,.odg,.odc,.odb,.odf,.wp,.wpd,.key,.numbers,.pages\" tabindex=\"-1\"><button id=\"forminator-field-upload-1_69e72d2185a9f_button\" class=\"forminator-button forminator-button-upload\" data-id=\"forminator-field-upload-1_69e72d2185a9f\">Selecione Arquivo<\/button><span data-empty-text=\"Nenhum arquivo selecionado ainda\">Nenhum arquivo selecionado ainda<\/span><button class=\"forminator-button-delete\" style=\"display: none;\"><i class=\"forminator-icon-close\" aria-hidden=\"true\"><\/i><span class=\"forminator-screen-reader-only\">Deletar arquivo enviado<\/span><\/button><\/div><\/div><\/div><\/div><div class=\"forminator-row\"><\/div><div class=\"forminator-row forminator-hidden\"><input type=\"hidden\" id=\"hidden-1_69e72d2185a9f\" name=\"hidden-1\" value=\"\" \/><\/div><div class=\"forminator-row forminator-hidden\"><input type=\"hidden\" id=\"hidden-2_69e72d2185a9f\" name=\"hidden-2\" value=\"\" \/><\/div><div class=\"forminator-row forminator-hidden\"><input type=\"hidden\" id=\"hidden-3_69e72d2185a9f\" name=\"hidden-3\" value=\"\" \/><\/div><input type=\"hidden\" name=\"referer_url\" value=\"\" \/><div class=\"forminator-row forminator-row-last\"><div class=\"forminator-col\"><div class=\"forminator-field\"><button class=\"forminator-button forminator-button-submit\">Enviar mensagem<\/button><\/div><\/div><\/div><input type=\"hidden\" id=\"forminator_nonce\" name=\"forminator_nonce\" value=\"d39da7979b\" \/><input type=\"hidden\" name=\"_wp_http_referer\" value=\"\/lp\/wp-json\/wp\/v2\/pages\/22\" \/><input type=\"hidden\" name=\"form_id\" value=\"15\"><input type=\"hidden\" name=\"page_id\" value=\"22\"><input type=\"hidden\" name=\"form_type\" value=\"default\"><input type=\"hidden\" name=\"current_url\" value=\"https:\/\/wcompany.co\/lp\/trabalhe-conosco\/\"><input type=\"hidden\" name=\"render_id\" value=\"0\"><input type=\"hidden\" name=\"action\" value=\"forminator_submit_form_custom-forms\"><\/form><\/div>\n\t\t\t\t\t\t<\/div>\n\t\t\t\t<\/div>\n\t\t\t\t\t<\/div>\n\t\t\t\t<\/div>\n\t\t\t\t<\/div>\n\t\t","protected":false},"excerpt":{"rendered":"<p>Trabalhe Conosco Quer fazer parte do nosso time? Entre em contato conosco para que possamos conhec\u00ea-lo e conversar sobre as vagas dispon\u00edveis.<\/p>\n","protected":false},"author":2,"featured_media":0,"parent":0,"menu_order":0,"comment_status":"closed","ping_status":"closed","template":"elementor_header_footer","meta":{"footnotes":""},"class_list":["post-22","page","type-page","status-publish","hentry"],"yoast_head":"<!-- This site is optimized with the Yoast SEO plugin v27.3 - https:\/\/yoast.com\/product\/yoast-seo-wordpress\/ -->\n<title>Trabalhe conosco | W Company<\/title>\n<meta name=\"robots\" content=\"index, follow, max-snippet:-1, max-image-preview:large, max-video-preview:-1\" \/>\n<link rel=\"canonical\" href=\"https:\/\/wcompany.co\/lp\/trabalhe-conosco\/\" \/>\n<meta property=\"og:locale\" content=\"pt_BR\" \/>\n<meta property=\"og:type\" content=\"article\" \/>\n<meta property=\"og:title\" content=\"Trabalhe conosco | W Company\" \/>\n<meta property=\"og:description\" content=\"Trabalhe Conosco Quer fazer parte do nosso time? Entre em contato conosco para que possamos conhec\u00ea-lo e conversar sobre as vagas dispon\u00edveis.\" \/>\n<meta property=\"og:url\" content=\"https:\/\/wcompany.co\/lp\/trabalhe-conosco\/\" \/>\n<meta property=\"og:site_name\" content=\"W Co\" \/>\n<meta property=\"article:modified_time\" content=\"2024-09-26T20:04:31+00:00\" \/>\n<meta name=\"twitter:card\" content=\"summary_large_image\" \/>\n<meta name=\"twitter:label1\" content=\"Est. tempo de leitura\" \/>\n\t<meta name=\"twitter:data1\" content=\"1 minuto\" \/>\n<script type=\"application\/ld+json\" class=\"yoast-schema-graph\">{\"@context\":\"https:\\\/\\\/schema.org\",\"@graph\":[{\"@type\":\"WebPage\",\"@id\":\"https:\\\/\\\/wcompany.co\\\/lp\\\/trabalhe-conosco\\\/\",\"url\":\"https:\\\/\\\/wcompany.co\\\/lp\\\/trabalhe-conosco\\\/\",\"name\":\"Trabalhe conosco | W Company\",\"isPartOf\":{\"@id\":\"https:\\\/\\\/wcompany.co\\\/lp\\\/#website\"},\"datePublished\":\"2024-09-26T20:03:36+00:00\",\"dateModified\":\"2024-09-26T20:04:31+00:00\",\"breadcrumb\":{\"@id\":\"https:\\\/\\\/wcompany.co\\\/lp\\\/trabalhe-conosco\\\/#breadcrumb\"},\"inLanguage\":\"pt-BR\",\"potentialAction\":[{\"@type\":\"ReadAction\",\"target\":[\"https:\\\/\\\/wcompany.co\\\/lp\\\/trabalhe-conosco\\\/\"]}]},{\"@type\":\"BreadcrumbList\",\"@id\":\"https:\\\/\\\/wcompany.co\\\/lp\\\/trabalhe-conosco\\\/#breadcrumb\",\"itemListElement\":[{\"@type\":\"ListItem\",\"position\":1,\"name\":\"In\u00edcio\",\"item\":\"https:\\\/\\\/wcompany.co\\\/lp\\\/\"},{\"@type\":\"ListItem\",\"position\":2,\"name\":\"Trabalhe Conosco &#8211; [LP][VB][26.09]\"}]},{\"@type\":\"WebSite\",\"@id\":\"https:\\\/\\\/wcompany.co\\\/lp\\\/#website\",\"url\":\"https:\\\/\\\/wcompany.co\\\/lp\\\/\",\"name\":\"W Co\",\"description\":\"\",\"potentialAction\":[{\"@type\":\"SearchAction\",\"target\":{\"@type\":\"EntryPoint\",\"urlTemplate\":\"https:\\\/\\\/wcompany.co\\\/lp\\\/?s={search_term_string}\"},\"query-input\":{\"@type\":\"PropertyValueSpecification\",\"valueRequired\":true,\"valueName\":\"search_term_string\"}}],\"inLanguage\":\"pt-BR\"}]}<\/script>\n<!-- \/ Yoast SEO plugin. -->","yoast_head_json":{"title":"Trabalhe conosco | W Company","robots":{"index":"index","follow":"follow","max-snippet":"max-snippet:-1","max-image-preview":"max-image-preview:large","max-video-preview":"max-video-preview:-1"},"canonical":"https:\/\/wcompany.co\/lp\/trabalhe-conosco\/","og_locale":"pt_BR","og_type":"article","og_title":"Trabalhe conosco | W Company","og_description":"Trabalhe Conosco Quer fazer parte do nosso time? Entre em contato conosco para que possamos conhec\u00ea-lo e conversar sobre as vagas dispon\u00edveis.","og_url":"https:\/\/wcompany.co\/lp\/trabalhe-conosco\/","og_site_name":"W Co","article_modified_time":"2024-09-26T20:04:31+00:00","twitter_card":"summary_large_image","twitter_misc":{"Est. tempo de leitura":"1 minuto"},"schema":{"@context":"https:\/\/schema.org","@graph":[{"@type":"WebPage","@id":"https:\/\/wcompany.co\/lp\/trabalhe-conosco\/","url":"https:\/\/wcompany.co\/lp\/trabalhe-conosco\/","name":"Trabalhe conosco | W Company","isPartOf":{"@id":"https:\/\/wcompany.co\/lp\/#website"},"datePublished":"2024-09-26T20:03:36+00:00","dateModified":"2024-09-26T20:04:31+00:00","breadcrumb":{"@id":"https:\/\/wcompany.co\/lp\/trabalhe-conosco\/#breadcrumb"},"inLanguage":"pt-BR","potentialAction":[{"@type":"ReadAction","target":["https:\/\/wcompany.co\/lp\/trabalhe-conosco\/"]}]},{"@type":"BreadcrumbList","@id":"https:\/\/wcompany.co\/lp\/trabalhe-conosco\/#breadcrumb","itemListElement":[{"@type":"ListItem","position":1,"name":"In\u00edcio","item":"https:\/\/wcompany.co\/lp\/"},{"@type":"ListItem","position":2,"name":"Trabalhe Conosco &#8211; [LP][VB][26.09]"}]},{"@type":"WebSite","@id":"https:\/\/wcompany.co\/lp\/#website","url":"https:\/\/wcompany.co\/lp\/","name":"W Co","description":"","potentialAction":[{"@type":"SearchAction","target":{"@type":"EntryPoint","urlTemplate":"https:\/\/wcompany.co\/lp\/?s={search_term_string}"},"query-input":{"@type":"PropertyValueSpecification","valueRequired":true,"valueName":"search_term_string"}}],"inLanguage":"pt-BR"}]}},"_links":{"self":[{"href":"https:\/\/wcompany.co\/lp\/wp-json\/wp\/v2\/pages\/22","targetHints":{"allow":["GET"]}}],"collection":[{"href":"https:\/\/wcompany.co\/lp\/wp-json\/wp\/v2\/pages"}],"about":[{"href":"https:\/\/wcompany.co\/lp\/wp-json\/wp\/v2\/types\/page"}],"author":[{"embeddable":true,"href":"https:\/\/wcompany.co\/lp\/wp-json\/wp\/v2\/users\/2"}],"replies":[{"embeddable":true,"href":"https:\/\/wcompany.co\/lp\/wp-json\/wp\/v2\/comments?post=22"}],"version-history":[{"count":0,"href":"https:\/\/wcompany.co\/lp\/wp-json\/wp\/v2\/pages\/22\/revisions"}],"wp:attachment":[{"href":"https:\/\/wcompany.co\/lp\/wp-json\/wp\/v2\/media?parent=22"}],"curies":[{"name":"wp","href":"https:\/\/api.w.org\/{rel}","templated":true}]}}